{"id":352,"date":"2025-10-27T17:53:09","date_gmt":"2025-10-27T16:53:09","guid":{"rendered":"https:\/\/tyci.art\/?page_id=352"},"modified":"2025-10-27T17:53:10","modified_gmt":"2025-10-27T16:53:10","slug":"polityka-prywatnosci","status":"publish","type":"page","link":"https:\/\/tyci.art\/?page_id=352","title":{"rendered":"Polityka prywatno\u015bci"},"content":{"rendered":"\n<h2 class=\"wp-block-heading\">Informacje og\u00f3lne<\/h2>\n\n\n\n<p>Niniejsza Polityka Prywatno\u015bci okre\u015bla zasady przetwarzania i ochrony danych osobowych przekazanych przez U\u017cytkownik\u00f3w w zwi\u0105zku z korzystaniem przez nich z us\u0142ug Tyci.art (dalej jako \u201eSerwis\u201d).&nbsp;<\/p>\n\n\n\n<h2 class=\"wp-block-heading\">Administrator danych osobowych<\/h2>\n\n\n\n<p>Administratorem danych osobowych zawartych w Serwisie jest Tyci.Art z siedzib\u0105 w Wejherowie, ul. Kot\u0142owskiego 2P\/9, e-mail: tyciart.kontakt@gmail.com, tel.: +48 694 959 088 (dalej jako \u201eAdministrator\u201d)<\/p>\n\n\n\n<h2 class=\"wp-block-heading\">Pliki cookies<\/h2>\n\n\n\n<p>Niniejsza polityka dotycz\u0105ca plik\u00f3w cookie odnosi si\u0119 do wszystkich stron internetowych oraz aplikacji na urz\u0105dzenia mobilne, nale\u017c\u0105cych do&nbsp;tyci.art.<br>Przez korzystanie ze stron i aplikacji wyra\u017casz zgod\u0119 na u\u017cywanie ciasteczek zgodnie z t\u0105 polityk\u0105. Je\u017celi nie zgadzasz si\u0119 na u\u017cywanie przez nas plik\u00f3w cookie, powiniene\u015b zmieni\u0107 ustawienia swojej przegl\u0105darki w odpowiedni spos\u00f3b lub zrezygnowa\u0107 z u\u017cywania stron oraz aplikacji.<\/p>\n\n\n\n<p><strong>Co to s\u0105 ciasteczka?<br><\/strong>Ciasteczka (ang. cookies) to niewielkie pliki, zapisywane i przechowywane na twoim komputerze, tablecie lub smartphonie podczas gdy odwiedzasz r\u00f3\u017cne strony w internecie. Ciasteczko zazwyczaj zawiera nazw\u0119 strony internetowej, z kt\u00f3rej pochodzi, &#8222;d\u0142ugo\u015b\u0107 \u017cycia&#8221; ciasteczka (to znaczy czas jego istnienia) oraz przypadkowo wygenerowany unikalny numer s\u0142u\u017c\u0105cy do identyfikacji przegl\u0105darki, z jakiej nast\u0119puje po\u0142\u0105czenie ze stron\u0105 internetow\u0105.<\/p>\n\n\n\n<p><strong>Do czego u\u017cywamy ciasteczek?<br><\/strong>Tyci.art&nbsp;u\u017cywa ciasteczek w r\u00f3\u017cnych celach:&nbsp;by strony i aplikacje dzia\u0142a\u0142y szybciej i by by\u0142y \u0142atwiejsze w u\u017cyciu, aby lepiej dopasowa\u0107 tre\u015bci i reklamy do twoich oczekiwa\u0144 i zainteresowa\u0144 oraz do zbierania anonimowych, zagregowanych statystyk, kt\u00f3re pomagaj\u0105 w poprawianiu funkcjonalno\u015bci i zawarto\u015bci stron i aplikacji. U\u017cywaj\u0105c ciasteczek w wy\u017cej opisany spos\u00f3b nigdy nie identyfikujemy to\u017csamo\u015bci u\u017cytkownik\u00f3w na podstawie informacji przechowywanych w ciasteczkach.<\/p>\n\n\n\n<p>Je\u015bli skomentujesz co\u015b w witrynie, b\u0119dzie mo\u017cna wybra\u0107 opcj\u0119 zapisu nazwy, adresu e-mail i witryny internetowej w ciasteczkach, dzi\u0119ki kt\u00f3rym podczas pisania kolejnych komentarzy powy\u017csze informacje b\u0119d\u0105 ju\u017c dogodnie uzupe\u0142nione. Ciasteczka wygasaj\u0105 po roku.<\/p>\n\n\n\n<p>Je\u015bli odwiedzisz stron\u0119 logowania, utworzymy tymczasowe ciasteczko na potrzeby sprawdzenia czy twoja przegl\u0105darka akceptuje ciasteczka. Nie zawiera ono \u017cadnych danych osobistych i zostanie usuni\u0119te, kiedy przegl\u0105darka zostanie zamkni\u0119ta.<\/p>\n\n\n\n<p>Podczas logowania tworzymy dodatkowo kilka ciasteczek potrzebnych do zapisu twoich informacji logowania oraz wybranych opcji ekranu. Ciasteczka logowania wygasaj\u0105 po dw\u00f3ch dniach, a opcji ekranu po roku. Je\u015bli zaznaczysz opcj\u0119 \u201ePami\u0119taj mnie\u201d, logowanie wyga\u015bnie po dw\u00f3ch tygodniach. Je\u015bli wylogujesz si\u0119 ze swojego konta, ciasteczka logowania zostan\u0105 usuni\u0119te.<\/p>\n\n\n\n<p>Je\u015bli zmodyfikujesz albo opublikujesz artyku\u0142, w twojej przegl\u0105darce zostanie zapisane dodatkowe ciasteczko. To ciasteczko nie zawiera \u017cadnych danych osobistych, wskazuj\u0105c po prostu na identyfikator przed chwil\u0105 edytowanego artyku\u0142u. Wygasa ono po 1 dniu.<\/p>\n\n\n\n<h2 class=\"wp-block-heading\">Osadzone tre\u015bci z innych witryn<\/h2>\n\n\n\n<p>Artyku\u0142y na tej witrynie mog\u0105 zawiera\u0107 osadzone tre\u015bci (np. filmy, obrazki, artyku\u0142y itp.). Osadzone tre\u015bci z innych witryn zachowuj\u0105 si\u0119 analogicznie do tego, jakby u\u017cytkownik odwiedzi\u0142 bezpo\u015brednio konkretn\u0105 witryn\u0119.<\/p>\n\n\n\n<p>Witryny mog\u0105 zbiera\u0107 informacje o tobie, u\u017cywa\u0107 ciasteczek, do\u0142\u0105cza\u0107 dodatkowe, zewn\u0119trzne systemy \u015bledzenia i monitorowa\u0107 twoje interakcje z osadzonym materia\u0142em, w\u0142\u0105czaj\u0105c w to \u015bledzenie twoich interakcji z osadzonym materia\u0142em je\u015bli posiadasz konto i jeste\u015b zalogowany w tamtej witrynie.<\/p>\n\n\n\n<h2 class=\"wp-block-heading\">Media<\/h2>\n\n\n\n<p>Je\u015bli jeste\u015b zarejestrowanym u\u017cytkownikiem i wgrywasz na witryn\u0119 obrazki, powiniene\u015b unika\u0107 przesy\u0142ania obrazk\u00f3w z tagami EXIF lokalizacji. Odwiedzaj\u0105cy stron\u0119 mog\u0105 pobra\u0107 i odczyta\u0107 pe\u0142ne dane lokalizacyjne z obrazk\u00f3w w witrynie.<\/p>\n\n\n\n<h2 class=\"wp-block-heading\">Komentarze<\/h2>\n\n\n\n<p>Kiedy odwiedzaj\u0105cy witryn\u0119 zostawia komentarz, zbieramy dane widoczne w formularzu komentowania, jak i adres IP odwiedzaj\u0105cego oraz podpis jego przegl\u0105darki jako pomoc przy wykrywaniu spamu.<\/p>\n\n\n\n<p>Anonimizowany ci\u0105g znak\u00f3w utworzony z twojego adresu e-mail (zwany te\u017c hashem) mo\u017ce zosta\u0107 przes\u0142any do us\u0142ugi Gravatar w celu sprawdzenia czy jest u\u017cywany. Polityka prywatno\u015bci us\u0142ugi Gravatar jest dost\u0119pna pod adresem: https:\/\/automattic.com\/privacy\/. Po zatwierdzeniu komentarza tw\u00f3j obrazek profilowy jest widoczny publicznie w kontek\u015bcie twojego komentarza.<\/p>\n\n\n\n<h2 class=\"wp-block-heading\">Z kim dzielimy si\u0119 danymi<\/h2>\n\n\n\n<p>Je\u015bli za\u017c\u0105dasz zresetowania has\u0142a, tw\u00f3j adres IP zostanie do\u0142\u0105czony do wysy\u0142anej wiadomo\u015bci.<\/p>\n\n\n\n<h2 class=\"wp-block-heading\">Jak d\u0142ugo przechowujemy twoje dane<\/h2>\n\n\n\n<p>Je\u015bli zostawisz komentarz, jego tre\u015b\u0107 i metadane b\u0119d\u0105 przechowywane przez czas nieokre\u015blony. Dzi\u0119ki temu jeste\u015bmy w stanie rozpoznawa\u0107 i zatwierdza\u0107 kolejne komentarze automatycznie, bez wysy\u0142ania ich do ka\u017cdorazowej moderacji.<\/p>\n\n\n\n<p>Dla u\u017cytkownik\u00f3w kt\u00f3rzy zarejestrowali si\u0119 na naszej stronie internetowej (je\u015bli tacy s\u0105), przechowujemy r\u00f3wnie\u017c informacje osobiste wprowadzone w profilu. Ka\u017cdy u\u017cytkownik mo\u017ce dokona\u0107 wgl\u0105du, korekty albo skasowa\u0107 swoje informacje osobiste w dowolnej chwili (nie licz\u0105c nazwy u\u017cytkownika, kt\u00f3rej nie mo\u017cna zmieni\u0107). Administratorzy strony r\u00f3wnie\u017c mog\u0105 przegl\u0105da\u0107 i modyfikowa\u0107 te informacje.<\/p>\n\n\n\n<h2 class=\"wp-block-heading\">Jakie masz prawa do swoich danych<\/h2>\n\n\n\n<p>Je\u015bli masz konto u\u017cytkownika albo doda\u0142e\u015b komentarze w tej witrynie, mo\u017cesz za\u017c\u0105da\u0107 dostarczenia pliku z wyeksportowanym kompletem twoich danych osobistych b\u0119d\u0105cych w naszym posiadaniu, w tym ca\u0142o\u015b\u0107 tych dostarczonych przez ciebie. Mo\u017cesz r\u00f3wnie\u017c za\u017c\u0105da\u0107 usuni\u0119cia przez nas ca\u0142o\u015bci twoich danych osobistych w naszym posiadaniu. Nie dotyczy to \u017cadnych danych kt\u00f3re jeste\u015bmy zobligowani zachowa\u0107 ze wzgl\u0119d\u00f3w administracyjnych, prawnych albo bezpiecze\u0144stwa.<\/p>\n\n\n\n<h2 class=\"wp-block-heading\">Gdzie wys\u0142amy twoje dane<\/h2>\n\n\n\n<p>Komentarze go\u015bci mog\u0105 by\u0107 sprawdzane za pomoc\u0105 automatycznej us\u0142ugi wykrywania spamu.<\/p>\n\n\n\n<h2 class=\"wp-block-heading\">Zabezpieczenie danych<\/h2>\n\n\n\n<p>Administrator stosuje odpowiednie \u015brodki techniczne i organizacyjne zapewniaj\u0105ce bezpiecze\u0144stwo przetwarzanych danych osobowych adekwatne do zagro\u017ce\u0144 oraz kategorii danych obj\u0119tych ochron\u0105.<\/p>\n\n\n\n<h2 class=\"wp-block-heading\">Zmiany w Polityce Prywatno\u015bci<\/h2>\n\n\n\n<p>Administrator zastrzega sobie prawo do zmiany niniejszej Polityki Prywatno\u015bci. O wszelkich zmianach U\u017cytkownicy b\u0119d\u0105 informowani poprzez publikacj\u0119 aktualizacji na stronie Serwisu.<\/p>\n\n\n\n<h2 class=\"wp-block-heading\">Kontakt<\/h2>\n\n\n\n<p>W sprawach zwi\u0105zanych z danymi osobowymi prosimy o kontakt pod adresem e-mail:&nbsp;<a href=\"mailto:tyciart.kontakt@gmail.com\">tyciart.kontakt@gmail.com<\/a>&nbsp;lub telefonicznie: +48 694 959 088<\/p>\n\n\n\n<p>\u00a0Data ostatniej aktualizacji: 27.10.2025<\/p>\n","protected":false},"excerpt":{"rendered":"<p>Informacje og\u00f3lne Niniejsza Polityka Prywatno\u015bci okre\u015bla zasady przetwarzania i ochrony danych osobowych przekazanych przez U\u017cytkownik\u00f3w w zwi\u0105zku z korzystaniem przez nich z us\u0142ug Tyci.art (dalej jako \u201eSerwis\u201d).&nbsp; Administrator danych osobowych Administratorem danych osobowych zawartych w Serwisie jest Tyci.Art z siedzib\u0105 w Wejherowie, ul. Kot\u0142owskiego 2P\/9, e-mail: tyciart.kontakt@gmail.com, tel.: +48 694 959 088 (dalej jako \u201eAdministrator\u201d) Pliki cookies Niniejsza polityka dotycz\u0105ca plik\u00f3w cookie odnosi si\u0119 do wszystkich stron internetowych oraz aplikacji na urz\u0105dzenia mobilne, nale\u017c\u0105cych do&nbsp;tyci.art.Przez korzystanie ze stron i aplikacji wyra\u017casz zgod\u0119 na u\u017cywanie ciasteczek zgodnie z t\u0105 polityk\u0105. Je\u017celi nie zgadzasz si\u0119 na u\u017cywanie przez nas plik\u00f3w cookie, powiniene\u015b zmieni\u0107 ustawienia swojej przegl\u0105darki w odpowiedni spos\u00f3b lub zrezygnowa\u0107 z u\u017cywania stron oraz aplikacji. Co to s\u0105 ciasteczka?Ciasteczka (ang. cookies) to niewielkie pliki, zapisywane i przechowywane na twoim komputerze, tablecie lub smartphonie podczas gdy odwiedzasz r\u00f3\u017cne strony w internecie. Ciasteczko zazwyczaj zawiera nazw\u0119 strony internetowej, z kt\u00f3rej pochodzi, &#8222;d\u0142ugo\u015b\u0107 \u017cycia&#8221;&hellip;<\/p>\n<p> <a class=\"more-link\" href=\"https:\/\/tyci.art\/?page_id=352\">Dowiedz si\u0119 wi\u0119cej<\/a><\/p>\n","protected":false},"author":1,"featured_media":0,"parent":0,"menu_order":0,"comment_status":"closed","ping_status":"closed","template":"","meta":{"footnotes":""},"class_list":["post-352","page","type-page","status-publish"],"_links":{"self":[{"href":"https:\/\/tyci.art\/index.php?rest_route=\/wp\/v2\/pages\/352","targetHints":{"allow":["GET"]}}],"collection":[{"href":"https:\/\/tyci.art\/index.php?rest_route=\/wp\/v2\/pages"}],"about":[{"href":"https:\/\/tyci.art\/index.php?rest_route=\/wp\/v2\/types\/page"}],"author":[{"embeddable":true,"href":"https:\/\/tyci.art\/index.php?rest_route=\/wp\/v2\/users\/1"}],"replies":[{"embeddable":true,"href":"https:\/\/tyci.art\/index.php?rest_route=%2Fwp%2Fv2%2Fcomments&post=352"}],"version-history":[{"count":1,"href":"https:\/\/tyci.art\/index.php?rest_route=\/wp\/v2\/pages\/352\/revisions"}],"predecessor-version":[{"id":354,"href":"https:\/\/tyci.art\/index.php?rest_route=\/wp\/v2\/pages\/352\/revisions\/354"}],"wp:attachment":[{"href":"https:\/\/tyci.art\/index.php?rest_route=%2Fwp%2Fv2%2Fmedia&parent=352"}],"curies":[{"name":"wp","href":"https:\/\/api.w.org\/{rel}","templated":true}]}}