{"id":319,"date":"2025-10-19T12:45:30","date_gmt":"2025-10-19T10:45:30","guid":{"rendered":"https:\/\/tyci.art\/?page_id=319"},"modified":"2025-10-20T19:28:44","modified_gmt":"2025-10-20T17:28:44","slug":"w-zgodzie-z-natura","status":"publish","type":"page","link":"https:\/\/tyci.art\/?page_id=319","title":{"rendered":"W ZGODZIE Z NATUR\u0104"},"content":{"rendered":"\n<p class=\"has-medium-font-size\">Natura to dla nas nie tylko \u017ar\u00f3d\u0142o inspiracji, ale i co\u015b, o co chcemy dba\u0107. Dlatego w <strong>tyci.art<\/strong> staramy si\u0119 tworzy\u0107 odpowiedzialnie \u2013 z trosk\u0105 o \u015brodowisko<\/p>\n\n\n\n<p class=\"has-medium-font-size\">Nasze przesy\u0142ki pakujemy z wykorzystaniem materia\u0142\u00f3w, kt\u00f3re nadaj\u0105 si\u0119 do recyklingu lub s\u0105 biodegradowalne. Tak, by pi\u0119kno, kt\u00f3re wysy\u0142amy w \u015bwiat, nie nios\u0142o ze sob\u0105 niepotrzebnego \u015bladu.<\/p>\n\n\n\n<p class=\"has-medium-font-size\">Bo wierzymy, \u017ce nawet ma\u0142e rzeczy \u2013 te \u201etyci\u201d \u2013 maj\u0105 znaczenie.<\/p>\n","protected":false},"excerpt":{"rendered":"<p>Natura to dla nas nie tylko \u017ar\u00f3d\u0142o inspiracji, ale i co\u015b, o co chcemy dba\u0107. Dlatego w tyci.art staramy si\u0119 tworzy\u0107 odpowiedzialnie \u2013 z trosk\u0105 o \u015brodowisko Nasze przesy\u0142ki pakujemy z wykorzystaniem materia\u0142\u00f3w, kt\u00f3re nadaj\u0105 si\u0119 do recyklingu lub s\u0105 biodegradowalne. Tak, by pi\u0119kno, kt\u00f3re wysy\u0142amy w \u015bwiat, nie nios\u0142o ze sob\u0105 niepotrzebnego \u015bladu. Bo wierzymy, \u017ce nawet ma\u0142e rzeczy \u2013 te \u201etyci\u201d \u2013 maj\u0105 znaczenie.<\/p>\n","protected":false},"author":1,"featured_media":320,"parent":0,"menu_order":0,"comment_status":"closed","ping_status":"closed","template":"","meta":{"footnotes":""},"class_list":["post-319","page","type-page","status-publish","has-post-thumbnail"],"_links":{"self":[{"href":"https:\/\/tyci.art\/index.php?rest_route=\/wp\/v2\/pages\/319","targetHints":{"allow":["GET"]}}],"collection":[{"href":"https:\/\/tyci.art\/index.php?rest_route=\/wp\/v2\/pages"}],"about":[{"href":"https:\/\/tyci.art\/index.php?rest_route=\/wp\/v2\/types\/page"}],"author":[{"embeddable":true,"href":"https:\/\/tyci.art\/index.php?rest_route=\/wp\/v2\/users\/1"}],"replies":[{"embeddable":true,"href":"https:\/\/tyci.art\/index.php?rest_route=%2Fwp%2Fv2%2Fcomments&post=319"}],"version-history":[{"count":4,"href":"https:\/\/tyci.art\/index.php?rest_route=\/wp\/v2\/pages\/319\/revisions"}],"predecessor-version":[{"id":345,"href":"https:\/\/tyci.art\/index.php?rest_route=\/wp\/v2\/pages\/319\/revisions\/345"}],"wp:featuredmedia":[{"embeddable":true,"href":"https:\/\/tyci.art\/index.php?rest_route=\/wp\/v2\/media\/320"}],"wp:attachment":[{"href":"https:\/\/tyci.art\/index.php?rest_route=%2Fwp%2Fv2%2Fmedia&parent=319"}],"curies":[{"name":"wp","href":"https:\/\/api.w.org\/{rel}","templated":true}]}}