{"id":313,"date":"2025-10-19T12:44:05","date_gmt":"2025-10-19T10:44:05","guid":{"rendered":"https:\/\/tyci.art\/?page_id=313"},"modified":"2025-10-25T20:59:11","modified_gmt":"2025-10-25T18:59:11","slug":"rzut-oka-za-kulisami","status":"publish","type":"page","link":"https:\/\/tyci.art\/?page_id=313","title":{"rendered":"RZUT OKA ZA KULISY"},"content":{"rendered":"\n<p class=\"has-medium-font-size\">Jak powstaje ceramika w pracowni <strong>tyci.art<\/strong>? Oj, mo\u017cna by o tym m\u00f3wi\u0107 godzinami \u2013 bo to proces pe\u0142en pasji, skupienia i\u2026 odrobiny magii. Ale nie chcemy Ci\u0119 zanudza\u0107 \ud83d\ude09<br>Zamiast tego \u2013 zapraszamy na kr\u00f3tk\u0105 podr\u00f3\u017c przez sze\u015b\u0107 etap\u00f3w ceramicznego tworzenia.<\/p>\n\n\n\n<p class=\"has-medium-font-size\"><strong>Krok pierwszy \u2013 pomys\u0142<\/strong><br>Zaczyna si\u0119 od pytania: <em>co dzi\u015b powstanie?<\/em><br>Czy b\u0119dzie to delikatna fili\u017canka toczona na kole? Patera w kszta\u0142cie li\u015bcia? A mo\u017ce ma\u0142y anio\u0142? Pomys\u0142 rodzi si\u0119 w g\u0142owie\u2026 i ju\u017c nie daje spokoju, dop\u00f3ki nie trafi w glin\u0119.<\/p>\n\n\n\n<p class=\"has-medium-font-size\"><strong>Krok drugi \u2013 czas tworzenia<\/strong><br>Glina trafia w r\u0119ce. Mi\u0119kka, plastyczna \u2013 daje si\u0119 formowa\u0107 palcom, d\u0142oniom, narz\u0119dziom. To moment pe\u0142en skupienia i rado\u015bci. Tu kszta\u0142t zyskuje dusz\u0119.<\/p>\n\n\n\n<p class=\"has-medium-font-size\"><strong>Krok trzeci \u2013 suszenie<\/strong><br>Uformowany przedmiot musi wyschn\u0105\u0107. Ale spokojnie, bez po\u015bpiechu \u2013 zbyt szybkie schni\u0119cie mo\u017ce prowadzi\u0107 do p\u0119kni\u0119\u0107 i\u2026 niestety, straconej pracy. To czas cierpliwego czekania i troskliwej opieki \u2013 bo wysuszona glina jest krucha jak skorupka jajka.<\/p>\n\n\n\n<p class=\"has-medium-font-size\"><strong>Krok czwarty \u2013 pierwszy wypa\u0142<\/strong><br>Przedmiot trafia do pieca \u2013 rozgrzanego do niemal <strong>1000\u00b0C<\/strong>. W takiej temperaturze glina traci wod\u0119 i twardnieje. Tak powstaje <strong>biskwit<\/strong> \u2013 porowaty, lekki, jeszcze niegotowy do u\u017cytku, ale ju\u017c na dobre ukszta\u0142towany.<\/p>\n\n\n\n<p class=\"has-medium-font-size\"><strong>Krok pi\u0105ty \u2013 szkliwienie<\/strong><br>Teraz czas na zdobienie. Biskwit pokrywany jest <strong>szkliwem<\/strong> \u2013 to ono nadaje ceramice kolory, po\u0142ysk, charakter.<br>W pracowni tyci art u\u017cywamy bezpiecznych szkliw, odpowiednich do kontaktu z \u017cywno\u015bci\u0105 \u2013 bo nasze naczynia maj\u0105 by\u0107 nie tylko pi\u0119kne, ale te\u017c praktyczne.<\/p>\n\n\n\n<p class=\"has-medium-font-size\"><strong>Krok sz\u00f3sty \u2013 drugi wypa\u0142<\/strong><br>Ostatni etap, ale te\u017c najbardziej ekscytuj\u0105cy! Piec nagrzewa si\u0119 jeszcze mocniej \u2013 <strong>do ponad 1200\u00b0C<\/strong>! Szkliwa topi\u0105 si\u0119, \u0142\u0105cz\u0105 i uk\u0142adaj\u0105 w unikalne wzory. Glina staje si\u0119 ceramik\u0105.<br>A co z tego wysz\u0142o? Dowiemy si\u0119 dopiero po otwarciu pieca \u2013 i zawsze towarzyszy temu dreszcz emocji. Bo w ceramice nigdy nie ma dw\u00f3ch identycznych dzie\u0142. Ka\u017cde jest wyj\u0105tkowe \u2013 tak jak Ty.<\/p>\n\n\n\n<p class=\"has-medium-font-size\">Chcesz zobaczy\u0107 efekty tej pracy? Zajrzyj do naszego sklepu \ud83d\ude42<\/p>\n\n\n\n<p><\/p>\n\n\n\n<div class=\"wp-block-buttons is-content-justification-center is-layout-flex wp-container-core-buttons-is-layout-16018d1d wp-block-buttons-is-layout-flex\">\n<div class=\"wp-block-button\"><a class=\"wp-block-button__link wp-element-button\" href=\"https:\/\/sklep312629.shoparena.pl\/\">Przejd\u017a do sklepu<\/a><\/div>\n<\/div>\n","protected":false},"excerpt":{"rendered":"<p>Jak powstaje ceramika w pracowni tyci.art? Oj, mo\u017cna by o tym m\u00f3wi\u0107 godzinami \u2013 bo to proces pe\u0142en pasji, skupienia i\u2026 odrobiny magii. Ale nie chcemy Ci\u0119 zanudza\u0107 \ud83d\ude09Zamiast tego \u2013 zapraszamy na kr\u00f3tk\u0105 podr\u00f3\u017c przez sze\u015b\u0107 etap\u00f3w ceramicznego tworzenia. Krok pierwszy \u2013 pomys\u0142Zaczyna si\u0119 od pytania: co dzi\u015b powstanie?Czy b\u0119dzie to delikatna fili\u017canka toczona na kole? Patera w kszta\u0142cie li\u015bcia? A mo\u017ce ma\u0142y anio\u0142? Pomys\u0142 rodzi si\u0119 w g\u0142owie\u2026 i ju\u017c nie daje spokoju, dop\u00f3ki nie trafi w glin\u0119. Krok drugi \u2013 czas tworzeniaGlina trafia w r\u0119ce. Mi\u0119kka, plastyczna \u2013 daje si\u0119 formowa\u0107 palcom, d\u0142oniom, narz\u0119dziom. To moment pe\u0142en skupienia i rado\u015bci. Tu kszta\u0142t zyskuje dusz\u0119. Krok trzeci \u2013 suszenieUformowany przedmiot musi wyschn\u0105\u0107. Ale spokojnie, bez po\u015bpiechu \u2013 zbyt szybkie schni\u0119cie mo\u017ce prowadzi\u0107 do p\u0119kni\u0119\u0107 i\u2026 niestety, straconej pracy. To czas cierpliwego czekania i troskliwej opieki \u2013 bo wysuszona glina jest krucha jak skorupka jajka. Krok czwarty \u2013 pierwszy&hellip;<\/p>\n<p> <a class=\"more-link\" href=\"https:\/\/tyci.art\/?page_id=313\">Dowiedz si\u0119 wi\u0119cej<\/a><\/p>\n","protected":false},"author":1,"featured_media":348,"parent":0,"menu_order":0,"comment_status":"closed","ping_status":"closed","template":"","meta":{"footnotes":""},"class_list":["post-313","page","type-page","status-publish","has-post-thumbnail"],"_links":{"self":[{"href":"https:\/\/tyci.art\/index.php?rest_route=\/wp\/v2\/pages\/313","targetHints":{"allow":["GET"]}}],"collection":[{"href":"https:\/\/tyci.art\/index.php?rest_route=\/wp\/v2\/pages"}],"about":[{"href":"https:\/\/tyci.art\/index.php?rest_route=\/wp\/v2\/types\/page"}],"author":[{"embeddable":true,"href":"https:\/\/tyci.art\/index.php?rest_route=\/wp\/v2\/users\/1"}],"replies":[{"embeddable":true,"href":"https:\/\/tyci.art\/index.php?rest_route=%2Fwp%2Fv2%2Fcomments&post=313"}],"version-history":[{"count":5,"href":"https:\/\/tyci.art\/index.php?rest_route=\/wp\/v2\/pages\/313\/revisions"}],"predecessor-version":[{"id":344,"href":"https:\/\/tyci.art\/index.php?rest_route=\/wp\/v2\/pages\/313\/revisions\/344"}],"wp:featuredmedia":[{"embeddable":true,"href":"https:\/\/tyci.art\/index.php?rest_route=\/wp\/v2\/media\/348"}],"wp:attachment":[{"href":"https:\/\/tyci.art\/index.php?rest_route=%2Fwp%2Fv2%2Fmedia&parent=313"}],"curies":[{"name":"wp","href":"https:\/\/api.w.org\/{rel}","templated":true}]}}