{"id":309,"date":"2025-10-19T12:42:38","date_gmt":"2025-10-19T10:42:38","guid":{"rendered":"https:\/\/tyci.art\/?page_id=309"},"modified":"2025-10-25T20:45:02","modified_gmt":"2025-10-25T18:45:02","slug":"ozdoby","status":"publish","type":"page","link":"https:\/\/tyci.art\/?page_id=309","title":{"rendered":"OZDOBY"},"content":{"rendered":"\n<p class=\"has-medium-font-size\"><strong>Ceramika to nie tylko naczynia \u2013 to tak\u017ce spos\u00f3b na ocieplenie wn\u0119trza i dodanie mu duszy.<\/strong><br>Wazony, \u015bwieczniki, figurki, anio\u0142y\u2026 Ma\u0142e, wyj\u0105tkowe przedmioty, kt\u00f3re potrafi\u0105 przyci\u0105gn\u0105\u0107 spojrzenie i wywo\u0142a\u0107 u\u015bmiech.<\/p>\n\n\n\n<p class=\"has-medium-font-size\">My mamy szczeg\u00f3ln\u0105 s\u0142abo\u015b\u0107 do anio\u0142\u00f3w \u2013 ka\u017cdy z nich jest inny, jakby mia\u0142 w\u0142asny charakter. Mo\u017ce kt\u00f3ry\u015b zamieszka u Ciebie?<\/p>\n\n\n\n<p><\/p>\n\n\n\n<div class=\"wp-block-buttons is-content-justification-center is-layout-flex wp-container-core-buttons-is-layout-16018d1d wp-block-buttons-is-layout-flex\">\n<div class=\"wp-block-button\"><a class=\"wp-block-button__link wp-element-button\" href=\"https:\/\/sklep312629.shoparena.pl\/\"><strong>Przejd\u017a do sklepu<\/strong><\/a><\/div>\n<\/div>\n","protected":false},"excerpt":{"rendered":"<p>Ceramika to nie tylko naczynia \u2013 to tak\u017ce spos\u00f3b na ocieplenie wn\u0119trza i dodanie mu duszy.Wazony, \u015bwieczniki, figurki, anio\u0142y\u2026 Ma\u0142e, wyj\u0105tkowe przedmioty, kt\u00f3re potrafi\u0105 przyci\u0105gn\u0105\u0107 spojrzenie i wywo\u0142a\u0107 u\u015bmiech. My mamy szczeg\u00f3ln\u0105 s\u0142abo\u015b\u0107 do anio\u0142\u00f3w \u2013 ka\u017cdy z nich jest inny, jakby mia\u0142 w\u0142asny charakter. Mo\u017ce kt\u00f3ry\u015b zamieszka u Ciebie?<\/p>\n","protected":false},"author":1,"featured_media":346,"parent":0,"menu_order":0,"comment_status":"closed","ping_status":"closed","template":"","meta":{"footnotes":""},"class_list":["post-309","page","type-page","status-publish","has-post-thumbnail"],"_links":{"self":[{"href":"https:\/\/tyci.art\/index.php?rest_route=\/wp\/v2\/pages\/309","targetHints":{"allow":["GET"]}}],"collection":[{"href":"https:\/\/tyci.art\/index.php?rest_route=\/wp\/v2\/pages"}],"about":[{"href":"https:\/\/tyci.art\/index.php?rest_route=\/wp\/v2\/types\/page"}],"author":[{"embeddable":true,"href":"https:\/\/tyci.art\/index.php?rest_route=\/wp\/v2\/users\/1"}],"replies":[{"embeddable":true,"href":"https:\/\/tyci.art\/index.php?rest_route=%2Fwp%2Fv2%2Fcomments&post=309"}],"version-history":[{"count":5,"href":"https:\/\/tyci.art\/index.php?rest_route=\/wp\/v2\/pages\/309\/revisions"}],"predecessor-version":[{"id":343,"href":"https:\/\/tyci.art\/index.php?rest_route=\/wp\/v2\/pages\/309\/revisions\/343"}],"wp:featuredmedia":[{"embeddable":true,"href":"https:\/\/tyci.art\/index.php?rest_route=\/wp\/v2\/media\/346"}],"wp:attachment":[{"href":"https:\/\/tyci.art\/index.php?rest_route=%2Fwp%2Fv2%2Fmedia&parent=309"}],"curies":[{"name":"wp","href":"https:\/\/api.w.org\/{rel}","templated":true}]}}