{"id":305,"date":"2025-10-19T12:41:11","date_gmt":"2025-10-19T10:41:11","guid":{"rendered":"https:\/\/tyci.art\/?page_id=305"},"modified":"2025-10-20T19:26:45","modified_gmt":"2025-10-20T17:26:45","slug":"naczynia","status":"publish","type":"page","link":"https:\/\/tyci.art\/?page_id=305","title":{"rendered":"NACZYNIA"},"content":{"rendered":"\n<p class=\"has-medium-font-size\"><strong>Talerze, kubki, fili\u017canki, miseczki, spodeczki, patery, dzbanki i pojemniczki\u2026<\/strong> Wszystko to, bez czego trudno sobie wyobrazi\u0107 przytuln\u0105 kuchni\u0119 i domowe rytua\u0142y.<\/p>\n\n\n\n<p class=\"has-medium-font-size\">Na co dzie\u0144 lubimy otacza\u0107 si\u0119 naczyniami, kt\u00f3re sami tworzymy \u2013 ka\u017cdy z domownik\u00f3w ma sw\u00f3j ulubiony kubek, talerz czy miseczk\u0119. Czasem a\u017c brakuje miejsca w szafkach, ale serce ro\u015bnie na widok tych wszystkich drobnych ceramicznych skarb\u00f3w.<\/p>\n\n\n\n<p class=\"has-medium-font-size\">Je\u015bli Ty tak\u017ce lubisz rzeczy <strong>niepowtarzalne, tworzone z sercem i zdobione r\u0119cznie<\/strong> \u2013 zajrzyj do sklepu <strong>tyci.art<\/strong>. Mo\u017ce znajdziesz co\u015b dla siebie\u2026 albo dla kogo\u015b bliskiego?<\/p>\n\n\n\n<p><\/p>\n\n\n\n<div class=\"wp-block-buttons is-content-justification-center is-layout-flex wp-container-core-buttons-is-layout-16018d1d wp-block-buttons-is-layout-flex\">\n<div class=\"wp-block-button\"><a class=\"wp-block-button__link wp-element-button\" href=\"https:\/\/sklep312629.shoparena.pl\/\"><strong>Przejd\u017a do sklepu<\/strong><\/a><\/div>\n<\/div>\n","protected":false},"excerpt":{"rendered":"<p>Talerze, kubki, fili\u017canki, miseczki, spodeczki, patery, dzbanki i pojemniczki\u2026 Wszystko to, bez czego trudno sobie wyobrazi\u0107 przytuln\u0105 kuchni\u0119 i domowe rytua\u0142y. Na co dzie\u0144 lubimy otacza\u0107 si\u0119 naczyniami, kt\u00f3re sami tworzymy \u2013 ka\u017cdy z domownik\u00f3w ma sw\u00f3j ulubiony kubek, talerz czy miseczk\u0119. Czasem a\u017c brakuje miejsca w szafkach, ale serce ro\u015bnie na widok tych wszystkich drobnych ceramicznych skarb\u00f3w. Je\u015bli Ty tak\u017ce lubisz rzeczy niepowtarzalne, tworzone z sercem i zdobione r\u0119cznie \u2013 zajrzyj do sklepu tyci.art. Mo\u017ce znajdziesz co\u015b dla siebie\u2026 albo dla kogo\u015b bliskiego?<\/p>\n","protected":false},"author":1,"featured_media":307,"parent":0,"menu_order":0,"comment_status":"closed","ping_status":"closed","template":"","meta":{"footnotes":""},"class_list":["post-305","page","type-page","status-publish","has-post-thumbnail"],"_links":{"self":[{"href":"https:\/\/tyci.art\/index.php?rest_route=\/wp\/v2\/pages\/305","targetHints":{"allow":["GET"]}}],"collection":[{"href":"https:\/\/tyci.art\/index.php?rest_route=\/wp\/v2\/pages"}],"about":[{"href":"https:\/\/tyci.art\/index.php?rest_route=\/wp\/v2\/types\/page"}],"author":[{"embeddable":true,"href":"https:\/\/tyci.art\/index.php?rest_route=\/wp\/v2\/users\/1"}],"replies":[{"embeddable":true,"href":"https:\/\/tyci.art\/index.php?rest_route=%2Fwp%2Fv2%2Fcomments&post=305"}],"version-history":[{"count":5,"href":"https:\/\/tyci.art\/index.php?rest_route=\/wp\/v2\/pages\/305\/revisions"}],"predecessor-version":[{"id":342,"href":"https:\/\/tyci.art\/index.php?rest_route=\/wp\/v2\/pages\/305\/revisions\/342"}],"wp:featuredmedia":[{"embeddable":true,"href":"https:\/\/tyci.art\/index.php?rest_route=\/wp\/v2\/media\/307"}],"wp:attachment":[{"href":"https:\/\/tyci.art\/index.php?rest_route=%2Fwp%2Fv2%2Fmedia&parent=305"}],"curies":[{"name":"wp","href":"https:\/\/api.w.org\/{rel}","templated":true}]}}