{"id":2,"date":"2025-09-24T15:16:40","date_gmt":"2025-09-24T13:16:40","guid":{"rendered":"http:\/\/tyci.art\/?page_id=2"},"modified":"2025-10-27T17:57:34","modified_gmt":"2025-10-27T16:57:34","slug":"przykladowa-strona","status":"publish","type":"page","link":"https:\/\/tyci.art\/","title":{"rendered":"O NAS"},"content":{"rendered":"\n<p class=\"has-medium-font-size\"><strong>Tyci.art<\/strong> to niewielka, rodzinna pracownia ceramiczna, kt\u00f3ra \u0142\u0105czy pasj\u0119 do tworzenia unikatowego rzemios\u0142a z najwy\u017csz\u0105 dba\u0142o\u015bci\u0105 o detal. Ka\u017cdy stworzony przez nas przedmiot ma swoj\u0105 histori\u0119 i niepowtarzalny charakter.<\/p>\n\n\n\n<p class=\"has-medium-font-size\">W ofercie pracowni znajduj\u0105 si\u0119 m.in. fili\u017canki, misy, talerze, patery oraz dekoracje do domu inspirowane natur\u0105. Stawiamy na jako\u015b\u0107 i autentyczno\u015b\u0107, tworz\u0105c ma\u0142e dzie\u0142a sztuki, kt\u00f3re wprowadzaj\u0105 odrobin\u0119 magii do codziennego \u017cycia.<\/p>\n\n\n\n<p class=\"has-medium-font-size\">Nasze produkty powstaj\u0105 w ca\u0142o\u015bci r\u0119cznie \u2013 od formowania, przez szkliwienie, a\u017c po wypa\u0142 \u2013 dzi\u0119ki czemu ka\u017cdy egzemplarz jest wyj\u0105tkowy i niepowtarzalny. Czerpiemy inspiracj\u0119 z otaczaj\u0105cego nas \u015bwiata: jego kolor\u00f3w, faktur i kszta\u0142t\u00f3w, przek\u0142adaj\u0105c je na ceramiczne formy, kt\u00f3re \u0142\u0105cz\u0105 funkcjonalno\u015b\u0107 z estetyk\u0105.<\/p>\n\n\n\n<p class=\"has-medium-font-size\">W <strong>tyci.art <\/strong>wierzymy, \u017ce przedmioty, kt\u00f3rymi si\u0119 otaczamy, powinny opowiada\u0107 histori\u0119 i wnosi\u0107 do wn\u0119trza ciep\u0142o. Dlatego nasza ceramika doskonale sprawdza si\u0119 nie tylko w codziennym u\u017cytkowaniu, ale tak\u017ce jako wyj\u0105tkowy prezent, kt\u00f3ry zachwyci swoj\u0105 oryginalno\u015bci\u0105.<\/p>\n\n\n\n<p class=\"has-medium-font-size\">Zapraszamy do odwiedzenie naszego sklepu internetowego.<\/p>\n\n\n\n<div class=\"wp-block-buttons is-content-justification-center is-layout-flex wp-container-core-buttons-is-layout-16018d1d wp-block-buttons-is-layout-flex\">\n<div class=\"wp-block-button\"><a class=\"wp-block-button__link wp-element-button\" href=\"https:\/\/sklep312629.shoparena.pl\/\">Przejd\u017a do sklepu<\/a><\/div>\n<\/div>\n","protected":false},"excerpt":{"rendered":"<p>Tyci.art to niewielka, rodzinna pracownia ceramiczna, kt\u00f3ra \u0142\u0105czy pasj\u0119 do tworzenia unikatowego rzemios\u0142a z najwy\u017csz\u0105 dba\u0142o\u015bci\u0105 o detal. Ka\u017cdy stworzony przez nas przedmiot ma swoj\u0105 histori\u0119 i niepowtarzalny charakter. W ofercie pracowni znajduj\u0105 si\u0119 m.in. fili\u017canki, misy, talerze, patery oraz dekoracje do domu inspirowane natur\u0105. Stawiamy na jako\u015b\u0107 i autentyczno\u015b\u0107, tworz\u0105c ma\u0142e dzie\u0142a sztuki, kt\u00f3re wprowadzaj\u0105 odrobin\u0119 magii do codziennego \u017cycia. Nasze produkty powstaj\u0105 w ca\u0142o\u015bci r\u0119cznie \u2013 od formowania, przez szkliwienie, a\u017c po wypa\u0142 \u2013 dzi\u0119ki czemu ka\u017cdy egzemplarz jest wyj\u0105tkowy i niepowtarzalny. Czerpiemy inspiracj\u0119 z otaczaj\u0105cego nas \u015bwiata: jego kolor\u00f3w, faktur i kszta\u0142t\u00f3w, przek\u0142adaj\u0105c je na ceramiczne formy, kt\u00f3re \u0142\u0105cz\u0105 funkcjonalno\u015b\u0107 z estetyk\u0105. W tyci.art wierzymy, \u017ce przedmioty, kt\u00f3rymi si\u0119 otaczamy, powinny opowiada\u0107 histori\u0119 i wnosi\u0107 do wn\u0119trza ciep\u0142o. Dlatego nasza ceramika doskonale sprawdza si\u0119 nie tylko w codziennym u\u017cytkowaniu, ale tak\u017ce jako wyj\u0105tkowy prezent, kt\u00f3ry zachwyci swoj\u0105 oryginalno\u015bci\u0105. Zapraszamy do odwiedzenie naszego sklepu internetowego.<\/p>\n","protected":false},"author":1,"featured_media":324,"parent":0,"menu_order":1,"comment_status":"closed","ping_status":"closed","template":"","meta":{"footnotes":""},"class_list":["post-2","page","type-page","status-publish","has-post-thumbnail"],"_links":{"self":[{"href":"https:\/\/tyci.art\/index.php?rest_route=\/wp\/v2\/pages\/2","targetHints":{"allow":["GET"]}}],"collection":[{"href":"https:\/\/tyci.art\/index.php?rest_route=\/wp\/v2\/pages"}],"about":[{"href":"https:\/\/tyci.art\/index.php?rest_route=\/wp\/v2\/types\/page"}],"author":[{"embeddable":true,"href":"https:\/\/tyci.art\/index.php?rest_route=\/wp\/v2\/users\/1"}],"replies":[{"embeddable":true,"href":"https:\/\/tyci.art\/index.php?rest_route=%2Fwp%2Fv2%2Fcomments&post=2"}],"version-history":[{"count":27,"href":"https:\/\/tyci.art\/index.php?rest_route=\/wp\/v2\/pages\/2\/revisions"}],"predecessor-version":[{"id":357,"href":"https:\/\/tyci.art\/index.php?rest_route=\/wp\/v2\/pages\/2\/revisions\/357"}],"wp:featuredmedia":[{"embeddable":true,"href":"https:\/\/tyci.art\/index.php?rest_route=\/wp\/v2\/media\/324"}],"wp:attachment":[{"href":"https:\/\/tyci.art\/index.php?rest_route=%2Fwp%2Fv2%2Fmedia&parent=2"}],"curies":[{"name":"wp","href":"https:\/\/api.w.org\/{rel}","templated":true}]}}